{"id":11,"date":"2025-12-10T19:00:44","date_gmt":"2025-12-10T18:00:44","guid":{"rendered":"https:\/\/infopointmottola.com\/?page_id=11"},"modified":"2026-02-16T22:22:08","modified_gmt":"2026-02-16T21:22:08","slug":"home","status":"publish","type":"page","link":"https:\/\/infopointmottola.com\/de\/","title":{"rendered":"Home"},"content":{"rendered":"\r\n<div class=\"wp-block-cover alignfull has-custom-content-position is-position-bottom-center\" style=\"margin-top:-8.3rem;margin-bottom:0;padding-top:0;padding-bottom:0;min-height:100vh;aspect-ratio:unset;\"><span aria-hidden=\"true\" class=\"wp-block-cover__background has-background-dim-100 has-background-dim has-background-gradient\" style=\"background:linear-gradient(0deg,rgb(6,21,51) 0%,rgb(19,128,189) 100%)\"><\/span><div class=\"wp-block-cover__inner-container has-global-padding is-layout-constrained wp-container-core-cover-is-layout-8c18c1f6 wp-block-cover-is-layout-constrained\">\r\n<div class=\"wp-block-group has-global-padding is-layout-constrained wp-block-group-is-layout-constrained\">\r\n<h1 class=\"wp-block-heading has-text-align-center is-style-default animated zoomIn has-accent-2-color has-text-color has-link-color has-poppins-font-family wp-elements-d051807dd994b48b7294379e994d8479\" style=\"font-size:clamp(3.037rem, 3.037rem + ((1vw - 0.2rem) * 4.648), 6rem);font-style:normal;font-weight:400;line-height:1\"><strong>WILLKOMMEN IN<\/strong><\/h1>\r\n\r\n\r\n\r\n<h2 class=\"wp-block-heading has-text-align-center mottola has-base-color has-text-color has-link-color has-parisienne-font-family wp-elements-94c53c561de2405c586e6d54e258da6d\" style=\"margin-top:-60px;font-size:clamp(4.509rem, 4.509rem + ((1vw - 0.2rem) * 8.613), 10rem);\"><strong><o-anim-typing>Mottola<\/o-anim-typing><\/strong><\/h2>\r\n\r\n\r\n\r\n<div class=\"wp-block-makeiteasy-slider swiper\" data-settings=\"{&quot;pagination&quot;:{&quot;el&quot;:&quot;.swiper-pagination&quot;,&quot;type&quot;:&quot;none&quot;},&quot;autoplay&quot;:{&quot;delay&quot;:3000},&quot;navigation&quot;:{&quot;nextEl&quot;:&quot;.swiper-button-next&quot;,&quot;prevEl&quot;:&quot;.swiper-button-prev&quot;}}\"><div class=\"swiper-wrapper\">\r\n<div class=\"wp-block-makeiteasy-slide swiper-slide\">\r\n<div class=\"wp-block-group has-global-padding is-layout-constrained wp-block-group-is-layout-constrained\">\r\n<figure class=\"wp-block-image aligncenter size-medium\"><img loading=\"lazy\" decoding=\"async\" width=\"209\" height=\"300\" src=\"https:\/\/infopointmottola.com\/wp-content\/uploads\/2025\/12\/benvenuti_mottola-209x300.png\" alt=\"\" class=\"wp-image-563\" srcset=\"https:\/\/infopointmottola.com\/wp-content\/uploads\/2025\/12\/benvenuti_mottola-209x300.png 209w, https:\/\/infopointmottola.com\/wp-content\/uploads\/2025\/12\/benvenuti_mottola.png 693w\" sizes=\"auto, (max-width: 209px) 100vw, 209px\" \/><\/figure>\r\n<\/div>\r\n<\/div>\r\n\r\n\r\n\r\n<div class=\"wp-block-makeiteasy-slide swiper-slide\">\r\n<div class=\"wp-block-group has-global-padding is-layout-constrained wp-block-group-is-layout-constrained\">\r\n<figure class=\"wp-block-image aligncenter size-medium\"><img loading=\"lazy\" decoding=\"async\" width=\"300\" height=\"300\" src=\"https:\/\/infopointmottola.com\/wp-content\/uploads\/2025\/12\/luminaria-300x300.png\" alt=\"\" class=\"wp-image-931\" srcset=\"https:\/\/infopointmottola.com\/wp-content\/uploads\/2025\/12\/luminaria-300x300.png 300w, https:\/\/infopointmottola.com\/wp-content\/uploads\/2025\/12\/luminaria-150x150.png 150w, https:\/\/infopointmottola.com\/wp-content\/uploads\/2025\/12\/luminaria-768x768.png 768w, https:\/\/infopointmottola.com\/wp-content\/uploads\/2025\/12\/luminaria.png 1024w\" sizes=\"auto, (max-width: 300px) 100vw, 300px\" \/><\/figure>\r\n<\/div>\r\n<\/div>\r\n\r\n\r\n\r\n<div class=\"wp-block-makeiteasy-slide swiper-slide\">\r\n<div class=\"wp-block-group has-global-padding is-layout-constrained wp-block-group-is-layout-constrained\">\r\n<figure class=\"wp-block-image aligncenter size-medium is-resized\"><img loading=\"lazy\" decoding=\"async\" width=\"200\" height=\"300\" src=\"https:\/\/infopointmottola.com\/wp-content\/uploads\/2025\/12\/orecchiette_3-200x300.png\" alt=\"\" class=\"wp-image-952\" style=\"width:192px;height:auto\" srcset=\"https:\/\/infopointmottola.com\/wp-content\/uploads\/2025\/12\/orecchiette_3-200x300.png 200w, https:\/\/infopointmottola.com\/wp-content\/uploads\/2025\/12\/orecchiette_3-683x1024.png 683w, https:\/\/infopointmottola.com\/wp-content\/uploads\/2025\/12\/orecchiette_3-768x1152.png 768w, https:\/\/infopointmottola.com\/wp-content\/uploads\/2025\/12\/orecchiette_3.png 1024w\" sizes=\"auto, (max-width: 200px) 100vw, 200px\" \/><\/figure>\r\n<\/div>\r\n<\/div>\r\n<\/div><div class=\"swiper-pagination swiper-pagination-r8v\"><\/div><div class=\"swiper-button-prev swiper-button-prev-r8v\" style=\"left:10px\"><\/div><div class=\"swiper-button-next swiper-button-next-r8v\" style=\"right:10px\"><\/div><\/div>\r\n<\/div>\r\n<\/div><\/div>\r\n\r\n\r\n\r\n<div class=\"wp-block-cover alignfull is-light is-repeated flip\" style=\"margin-top:0;margin-bottom:0;min-height:100px;aspect-ratio:unset;\"><div class=\"wp-block-cover__image-background wp-image-460 size-full is-repeated\" style=\"background-position:50% 50%;background-image:url(https:\/\/infopointmottola.com\/wp-content\/uploads\/2025\/12\/path281.png)\"><\/div><span aria-hidden=\"true\" class=\"wp-block-cover__background has-background-dim-0 has-background-dim\"><\/span><div class=\"wp-block-cover__inner-container has-global-padding is-layout-constrained wp-block-cover-is-layout-constrained\">\r\n<p class=\"has-text-align-center has-large-font-size\"><\/p>\r\n<\/div><\/div>\r\n\r\n\r\n\r\n<div class=\"wp-block-cover animated fadeInUp o-anim-offset-o-anim-offset-0px has-aspect-ratio\" style=\"border-top-left-radius:8px;border-top-right-radius:8px;border-bottom-left-radius:8px;border-bottom-right-radius:8px;border-bottom-color:#127bca;margin-top:var(--wp--preset--spacing--50);padding-top:var(--wp--preset--spacing--50);padding-bottom:var(--wp--preset--spacing--50);aspect-ratio:auto;min-height:unset;\"><img loading=\"lazy\" decoding=\"async\" width=\"2560\" height=\"1706\" class=\"wp-block-cover__image-background wp-image-855 size-full\" alt=\"\" src=\"https:\/\/infopointmottola.com\/wp-content\/uploads\/2025\/12\/2f2b7348-bc06-4ed1-b6a8-abd06d5dc659-scaled.jpg\" style=\"object-position:20% 70%\" data-object-fit=\"cover\" data-object-position=\"20% 70%\" srcset=\"https:\/\/infopointmottola.com\/wp-content\/uploads\/2025\/12\/2f2b7348-bc06-4ed1-b6a8-abd06d5dc659-scaled.jpg 2560w, https:\/\/infopointmottola.com\/wp-content\/uploads\/2025\/12\/2f2b7348-bc06-4ed1-b6a8-abd06d5dc659-300x200.jpg 300w, https:\/\/infopointmottola.com\/wp-content\/uploads\/2025\/12\/2f2b7348-bc06-4ed1-b6a8-abd06d5dc659-1024x683.jpg 1024w, https:\/\/infopointmottola.com\/wp-content\/uploads\/2025\/12\/2f2b7348-bc06-4ed1-b6a8-abd06d5dc659-768x512.jpg 768w, https:\/\/infopointmottola.com\/wp-content\/uploads\/2025\/12\/2f2b7348-bc06-4ed1-b6a8-abd06d5dc659-1536x1024.jpg 1536w, https:\/\/infopointmottola.com\/wp-content\/uploads\/2025\/12\/2f2b7348-bc06-4ed1-b6a8-abd06d5dc659-2048x1365.jpg 2048w\" sizes=\"auto, (max-width: 2560px) 100vw, 2560px\" \/><span aria-hidden=\"true\" class=\"wp-block-cover__background has-background-dim-40 has-background-dim\"><\/span><div class=\"wp-block-cover__inner-container has-global-padding is-layout-constrained wp-block-cover-is-layout-constrained\">\r\n<h3 class=\"wp-block-heading has-text-align-left is-style-default has-roboto-slab-font-family has-xx-large-font-size\"><strong>LAND DER GROTTEN GOTTES<\/strong><\/h3>\r\n\r\n\r\n\r\n<p class=\"has-text-align-left\">Entdecken Sie die verborgenen Wunder in den &#8222;<strong>Orten des Mythos<\/strong>&#8222;<\/p>\r\n\r\n\r\n\r\n<p>Bereiten Sie sich darauf vor, eine einzigartige Reiseerfahrung zu erleben, die Sie durch die Geschichte, den Charme, den Mythos und die nat\u00fcrliche Sch\u00f6nheit unseres Landes in eine unterirdische Welt f\u00fchrt.<\/p>\r\n\r\n\r\n\r\n<p class=\"has-text-align-left\">Erleben Sie ein einzigartiges Erlebnis zwischen Natur und Erbe! Eine Zeitreise, die Sie \u00fcberraschen wird!<\/p>\r\n\r\n\r\n\r\n<div class=\"wp-block-buttons is-layout-flex wp-block-buttons-is-layout-flex\">\r\n<div class=\"wp-block-button is-style-fill\"><a class=\"wp-block-button__link has-border-color has-accent-1-border-color has-text-align-left wp-element-button\" href=\"https:\/\/infopointmottola.com\/i-nostri-tour-e-visite-guidate\/\">Entdecken Sie unsere F\u00fchrungen!<\/a><\/div>\r\n<\/div>\r\n<\/div><\/div>\r\n\r\n\r\n\r\n<div class=\"wp-block-group alignfull o-anim-offset-o-anim-offset-0px has-global-padding is-layout-constrained wp-block-group-is-layout-constrained\" style=\"margin-top:0;margin-bottom:0;padding-top:var(--wp--preset--spacing--70);padding-bottom:var(--wp--preset--spacing--70)\">\r\n<h2 class=\"wp-block-heading has-xx-large-font-size\">Veranstaltungen und Informationen<\/h2>\r\n\r\n\r\n\r\n<div class=\"wp-block-query is-layout-flow wp-block-query-is-layout-flow\"><ul class=\"wp-block-post-template is-layout-flow wp-block-post-template-is-layout-flow\"><li class=\"wp-block-post post-1079 post type-post status-publish format-standard has-post-thumbnail hentry category-evento\">\r\n\r\n<div class=\"wp-block-group animated fadeInUp o-anim-offset-o-anim-offset-0px is-nowrap is-layout-flex wp-container-core-group-is-layout-6c531013 wp-block-group-is-layout-flex\"><div style=\"border-top-left-radius:100px;border-top-right-radius:100px;border-bottom-left-radius:100px;border-bottom-right-radius:100px; padding-top:var(--wp--preset--spacing--20);padding-bottom:var(--wp--preset--spacing--20);padding-left:var(--wp--preset--spacing--30);padding-right:var(--wp--preset--spacing--30);\" class=\"is-acf-field is-date_picker-field wp-elements-b781802a91b37fe0b1abb88e8f9fc36f wp-block-mfb-meta-field-block has-text-color has-base-color has-background has-accent-1-background-color has-small-font-size\"><div class=\"value\">3 April 2026<\/div><\/div>\r\n\r\n\r\n<hr class=\"wp-block-separator has-text-color has-accent-1-color has-alpha-channel-opacity has-accent-1-background-color has-background is-style-wide wp-container-content-9cfa9a5a is-style-wide--1\"\/>\r\n<\/div>\r\n\r\n\r\n<h2 class=\"animated fadeInUp o-anim-offset-o-anim-offset-0px wp-block-post-title\"><a href=\"https:\/\/infopointmottola.com\/de\/evento\/tour-lenti-della-settimana-santa\/\" target=\"_self\" >Tour lenti della Settimana Santa<\/a><\/h2>\r\n<\/li><li class=\"wp-block-post post-1073 post type-post status-publish format-standard has-post-thumbnail hentry category-evento\">\r\n\r\n<div class=\"wp-block-group animated fadeInUp o-anim-offset-o-anim-offset-0px is-nowrap is-layout-flex wp-container-core-group-is-layout-6c531013 wp-block-group-is-layout-flex\"><div style=\"border-top-left-radius:100px;border-top-right-radius:100px;border-bottom-left-radius:100px;border-bottom-right-radius:100px; padding-top:var(--wp--preset--spacing--20);padding-bottom:var(--wp--preset--spacing--20);padding-left:var(--wp--preset--spacing--30);padding-right:var(--wp--preset--spacing--30);\" class=\"is-acf-field is-date_picker-field wp-elements-b781802a91b37fe0b1abb88e8f9fc36f wp-block-mfb-meta-field-block has-text-color has-base-color has-background has-accent-1-background-color has-small-font-size\"><div class=\"value\">20 Dezember 2025<\/div><\/div>\r\n\r\n\r\n<hr class=\"wp-block-separator has-text-color has-accent-1-color has-alpha-channel-opacity has-accent-1-background-color has-background is-style-wide wp-container-content-9cfa9a5a is-style-wide--2\"\/>\r\n<\/div>\r\n\r\n\r\n<h2 class=\"animated fadeInUp o-anim-offset-o-anim-offset-0px wp-block-post-title\"><a href=\"https:\/\/infopointmottola.com\/de\/evento\/aria-di-natale-a-mottola\/\" target=\"_self\" >Aria di Natale a Mottola<\/a><\/h2>\r\n<\/li><li class=\"wp-block-post post-381 post type-post status-publish format-standard has-post-thumbnail hentry category-evento\">\r\n\r\n<div class=\"wp-block-group animated fadeInUp o-anim-offset-o-anim-offset-0px is-nowrap is-layout-flex wp-container-core-group-is-layout-6c531013 wp-block-group-is-layout-flex\"><div style=\"border-top-left-radius:100px;border-top-right-radius:100px;border-bottom-left-radius:100px;border-bottom-right-radius:100px; padding-top:var(--wp--preset--spacing--20);padding-bottom:var(--wp--preset--spacing--20);padding-left:var(--wp--preset--spacing--30);padding-right:var(--wp--preset--spacing--30);\" class=\"is-acf-field is-date_picker-field wp-elements-b781802a91b37fe0b1abb88e8f9fc36f wp-block-mfb-meta-field-block has-text-color has-base-color has-background has-accent-1-background-color has-small-font-size\"><div class=\"value\">14 Dezember 2025<\/div><\/div>\r\n\r\n\r\n<hr class=\"wp-block-separator has-text-color has-accent-1-color has-alpha-channel-opacity has-accent-1-background-color has-background is-style-wide wp-container-content-9cfa9a5a is-style-wide--3\"\/>\r\n<\/div>\r\n\r\n\r\n<h2 class=\"animated fadeInUp o-anim-offset-o-anim-offset-0px wp-block-post-title\"><a href=\"https:\/\/infopointmottola.com\/de\/evento\/chiese-rupestri-colazione\/\" target=\"_self\" >Chiese rupestri &amp; colazione<\/a><\/h2>\r\n<\/li><\/ul>\r\n\r\n<nav class=\"wp-block-query-pagination is-layout-flex wp-block-query-pagination-is-layout-flex\" aria-label=\"Seitennummerierung\">\r\n\r\n\r\n<div class=\"wp-block-query-pagination-numbers\"><span aria-current=\"page\" class=\"page-numbers current\">1<\/span>\n<a class=\"page-numbers\" href=\"?query-14-page=2\">2<\/a><\/div>\r\n\r\n<a href=\"\/de\/wp-json\/wp\/v2\/pages\/11?query-14-page=2\" class=\"wp-block-query-pagination-next\">N\u00e4chste Seite<\/a>\r\n<\/nav>\r\n\r\n<\/div>\r\n<\/div>\r\n\r\n\r\n\r\n<figure class=\"wp-block-image aligncenter size-large animated zoomIn o-anim-offset-o-anim-offset-0px\"><img loading=\"lazy\" decoding=\"async\" width=\"1024\" height=\"158\" src=\"https:\/\/infopointmottola.com\/wp-content\/uploads\/2025\/12\/ComfyUI_00045_-1024x158.png\" alt=\"\" class=\"wp-image-594\" srcset=\"https:\/\/infopointmottola.com\/wp-content\/uploads\/2025\/12\/ComfyUI_00045_-1024x158.png 1024w, https:\/\/infopointmottola.com\/wp-content\/uploads\/2025\/12\/ComfyUI_00045_-300x46.png 300w, https:\/\/infopointmottola.com\/wp-content\/uploads\/2025\/12\/ComfyUI_00045_-768x119.png 768w, https:\/\/infopointmottola.com\/wp-content\/uploads\/2025\/12\/ComfyUI_00045_.png 1134w\" sizes=\"auto, (max-width: 1024px) 100vw, 1024px\" \/><\/figure>\r\n\r\n\r\n\r\n<div class=\"wp-block-group alignfull has-global-padding is-layout-constrained wp-block-group-is-layout-constrained\" style=\"margin-top:0;margin-bottom:0;padding-top:var(--wp--preset--spacing--70);padding-bottom:var(--wp--preset--spacing--70)\">\r\n<h2 class=\"wp-block-heading has-xx-large-font-size\">Touren und F\u00fchrungen<\/h2>\r\n\r\n\r\n\r\n<div class=\"wp-block-query alignwide is-layout-flow wp-block-query-is-layout-flow\">\r\n<div class=\"wp-block-group has-global-padding is-layout-constrained wp-block-group-is-layout-constrained\"><\/div>\r\n\r\n\r\n\r\n<div class=\"wp-block-group is-layout-flow wp-block-group-is-layout-flow\" style=\"padding-top:var(--wp--preset--spacing--50);padding-bottom:var(--wp--preset--spacing--50)\"><ul class=\"wp-block-post-template is-layout-grid wp-container-core-post-template-is-layout-3cd8e4d2 wp-block-post-template-is-layout-grid\"><li class=\"wp-block-post post-296 post type-post status-publish format-standard has-post-thumbnail hentry category-tour\">\r\n\r\n<div class=\"wp-block-cover has-custom-content-position is-position-bottom-center animated fadeInUp o-anim-offset-o-anim-offset-0px\"><span aria-hidden=\"true\" class=\"wp-block-cover__background has-background-dim-30 has-background-dim\"><\/span><img loading=\"lazy\" decoding=\"async\" width=\"960\" height=\"720\" src=\"https:\/\/infopointmottola.com\/wp-content\/uploads\/2025\/11\/Masseria_Salatino_Mottola.jpg\" class=\"wp-block-cover__image-background wp-post-image\" alt=\"\" data-object-fit=\"cover\" srcset=\"https:\/\/infopointmottola.com\/wp-content\/uploads\/2025\/11\/Masseria_Salatino_Mottola.jpg 960w, https:\/\/infopointmottola.com\/wp-content\/uploads\/2025\/11\/Masseria_Salatino_Mottola-300x225.jpg 300w, https:\/\/infopointmottola.com\/wp-content\/uploads\/2025\/11\/Masseria_Salatino_Mottola-768x576.jpg 768w\" sizes=\"auto, (max-width: 960px) 100vw, 960px\" \/><div class=\"wp-block-cover__inner-container has-global-padding is-layout-constrained wp-block-cover-is-layout-constrained\"><h2 class=\"wp-block-post-title\"><a href=\"https:\/\/infopointmottola.com\/de\/tour\/tour-delle-masserie-della-bassa-murgia-tarantina-storia-natura-e-sapori-autentici\/\" target=\"_self\" >Tour delle Masserie della Bassa Murgia Tarantina \u2013 Storia, Natura e Sapori Autentici<\/a><\/h2>\r\n\r\n\r\n<hr class=\"wp-block-separator has-text-color has-base-color has-alpha-channel-opacity has-base-background-color has-background\"\/>\r\n<\/div><\/div>\r\n\r\n<\/li><li class=\"wp-block-post post-294 post type-post status-publish format-standard has-post-thumbnail hentry category-tour\">\r\n\r\n<div class=\"wp-block-cover has-custom-content-position is-position-bottom-center animated fadeInUp o-anim-offset-o-anim-offset-0px\"><span aria-hidden=\"true\" class=\"wp-block-cover__background has-background-dim-30 has-background-dim\"><\/span><img loading=\"lazy\" decoding=\"async\" width=\"674\" height=\"557\" src=\"https:\/\/infopointmottola.com\/wp-content\/uploads\/2025\/11\/ab5c6e_475f20730d1d4aebbf6aabb056b2fb1amv2.avif\" class=\"wp-block-cover__image-background wp-post-image\" alt=\"\" data-object-fit=\"cover\" srcset=\"https:\/\/infopointmottola.com\/wp-content\/uploads\/2025\/11\/ab5c6e_475f20730d1d4aebbf6aabb056b2fb1amv2.avif 674w, https:\/\/infopointmottola.com\/wp-content\/uploads\/2025\/11\/ab5c6e_475f20730d1d4aebbf6aabb056b2fb1amv2-300x248.avif 300w\" sizes=\"auto, (max-width: 674px) 100vw, 674px\" \/><div class=\"wp-block-cover__inner-container has-global-padding is-layout-constrained wp-block-cover-is-layout-constrained\"><h2 class=\"wp-block-post-title\"><a href=\"https:\/\/infopointmottola.com\/de\/tour\/tour-del-bosco-di-santantuono-natura-e-tradizione-nel-cuore-di-mottola\/\" target=\"_self\" >Tour del Bosco di Sant\u2019Antuono \u2013 Natura e Tradizione nel Cuore di Mottola<\/a><\/h2>\r\n\r\n\r\n<hr class=\"wp-block-separator has-text-color has-base-color has-alpha-channel-opacity has-base-background-color has-background\"\/>\r\n<\/div><\/div>\r\n\r\n<\/li><li class=\"wp-block-post post-292 post type-post status-publish format-standard has-post-thumbnail hentry category-tour\">\r\n\r\n<div class=\"wp-block-cover has-custom-content-position is-position-bottom-center animated fadeInUp o-anim-offset-o-anim-offset-0px\"><span aria-hidden=\"true\" class=\"wp-block-cover__background has-background-dim-30 has-background-dim\"><\/span><img loading=\"lazy\" decoding=\"async\" width=\"2560\" height=\"1706\" src=\"https:\/\/infopointmottola.com\/wp-content\/uploads\/2025\/11\/974fc29d-1b68-4c14-9c36-e34f97167dc9-scaled.jpg\" class=\"wp-block-cover__image-background wp-post-image\" alt=\"\" data-object-fit=\"cover\" srcset=\"https:\/\/infopointmottola.com\/wp-content\/uploads\/2025\/11\/974fc29d-1b68-4c14-9c36-e34f97167dc9-scaled.jpg 2560w, https:\/\/infopointmottola.com\/wp-content\/uploads\/2025\/11\/974fc29d-1b68-4c14-9c36-e34f97167dc9-300x200.jpg 300w, https:\/\/infopointmottola.com\/wp-content\/uploads\/2025\/11\/974fc29d-1b68-4c14-9c36-e34f97167dc9-1024x683.jpg 1024w, https:\/\/infopointmottola.com\/wp-content\/uploads\/2025\/11\/974fc29d-1b68-4c14-9c36-e34f97167dc9-768x512.jpg 768w, https:\/\/infopointmottola.com\/wp-content\/uploads\/2025\/11\/974fc29d-1b68-4c14-9c36-e34f97167dc9-1536x1024.jpg 1536w, https:\/\/infopointmottola.com\/wp-content\/uploads\/2025\/11\/974fc29d-1b68-4c14-9c36-e34f97167dc9-2048x1365.jpg 2048w\" sizes=\"auto, (max-width: 2560px) 100vw, 2560px\" \/><div class=\"wp-block-cover__inner-container has-global-padding is-layout-constrained wp-block-cover-is-layout-constrained\"><h2 class=\"wp-block-post-title\"><a href=\"https:\/\/infopointmottola.com\/de\/tour\/tour-completo-di-mottola-tra-chiese-rupestri-mura-greche-e-centro-storico\/\" target=\"_self\" >Tour Completo di Mottola \u2013 Tra Chiese Rupestri, Mura Greche e Centro Storico<\/a><\/h2>\r\n\r\n\r\n<hr class=\"wp-block-separator has-text-color has-base-color has-alpha-channel-opacity has-base-background-color has-background\"\/>\r\n<\/div><\/div>\r\n\r\n<\/li><li class=\"wp-block-post post-289 post type-post status-publish format-standard has-post-thumbnail hentry category-tour\">\r\n\r\n<div class=\"wp-block-cover has-custom-content-position is-position-bottom-center animated fadeInUp o-anim-offset-o-anim-offset-0px\"><span aria-hidden=\"true\" class=\"wp-block-cover__background has-background-dim-30 has-background-dim\"><\/span><img loading=\"lazy\" decoding=\"async\" width=\"674\" height=\"557\" src=\"https:\/\/infopointmottola.com\/wp-content\/uploads\/2025\/11\/ab5c6e_dd19c931fbb04090a5c47ff868c67586mv2.avif\" class=\"wp-block-cover__image-background wp-post-image\" alt=\"\" data-object-fit=\"cover\" srcset=\"https:\/\/infopointmottola.com\/wp-content\/uploads\/2025\/11\/ab5c6e_dd19c931fbb04090a5c47ff868c67586mv2.avif 674w, https:\/\/infopointmottola.com\/wp-content\/uploads\/2025\/11\/ab5c6e_dd19c931fbb04090a5c47ff868c67586mv2-300x248.avif 300w\" sizes=\"auto, (max-width: 674px) 100vw, 674px\" \/><div class=\"wp-block-cover__inner-container has-global-padding is-layout-constrained wp-block-cover-is-layout-constrained\"><h2 class=\"wp-block-post-title\"><a href=\"https:\/\/infopointmottola.com\/de\/tour\/tour-misto-chiese-rupestri-e-mura-greche-mottola-tra-arte-e-storia\/\" target=\"_self\" >Tour misto \u201cChiese Rupestri e Mura Greche\u201d \u2013 Mottola tra Arte e Storia<\/a><\/h2>\r\n\r\n\r\n<hr class=\"wp-block-separator has-text-color has-base-color has-alpha-channel-opacity has-base-background-color has-background\"\/>\r\n<\/div><\/div>\r\n\r\n<\/li><li class=\"wp-block-post post-287 post type-post status-publish format-standard has-post-thumbnail hentry category-tour\">\r\n\r\n<div class=\"wp-block-cover has-custom-content-position is-position-bottom-center animated fadeInUp o-anim-offset-o-anim-offset-0px\"><span aria-hidden=\"true\" class=\"wp-block-cover__background has-background-dim-30 has-background-dim\"><\/span><img loading=\"lazy\" decoding=\"async\" width=\"674\" height=\"557\" src=\"https:\/\/infopointmottola.com\/wp-content\/uploads\/2025\/11\/5f2093_293798e4a77f4cf189d2bc969a4955f3mv2.avif\" class=\"wp-block-cover__image-background wp-post-image\" alt=\"\" data-object-fit=\"cover\" srcset=\"https:\/\/infopointmottola.com\/wp-content\/uploads\/2025\/11\/5f2093_293798e4a77f4cf189d2bc969a4955f3mv2.avif 674w, https:\/\/infopointmottola.com\/wp-content\/uploads\/2025\/11\/5f2093_293798e4a77f4cf189d2bc969a4955f3mv2-300x248.avif 300w\" sizes=\"auto, (max-width: 674px) 100vw, 674px\" \/><div class=\"wp-block-cover__inner-container has-global-padding is-layout-constrained wp-block-cover-is-layout-constrained\"><h2 class=\"wp-block-post-title\"><a href=\"https:\/\/infopointmottola.com\/de\/tour\/tour-mura-greche-e-centro-storico-di-mottola\/\" target=\"_self\" >Tour \u201cMura Greche\u201d e \u201cCentro Storico\u201d di Mottola<\/a><\/h2>\r\n\r\n\r\n<hr class=\"wp-block-separator has-text-color has-base-color has-alpha-channel-opacity has-base-background-color has-background\"\/>\r\n<\/div><\/div>\r\n\r\n<\/li><li class=\"wp-block-post post-285 post type-post status-publish format-standard has-post-thumbnail hentry category-tour\">\r\n\r\n<div class=\"wp-block-cover has-custom-content-position is-position-bottom-center animated fadeInUp o-anim-offset-o-anim-offset-0px\"><span aria-hidden=\"true\" class=\"wp-block-cover__background has-background-dim-30 has-background-dim\"><\/span><img loading=\"lazy\" decoding=\"async\" width=\"1280\" height=\"1401\" src=\"https:\/\/infopointmottola.com\/wp-content\/uploads\/2025\/11\/ab5c6e_55692a60f76b4a86963f7b92f7a562b0mv2.avif\" class=\"wp-block-cover__image-background wp-post-image\" alt=\"\" data-object-fit=\"cover\" srcset=\"https:\/\/infopointmottola.com\/wp-content\/uploads\/2025\/11\/ab5c6e_55692a60f76b4a86963f7b92f7a562b0mv2.avif 1280w, https:\/\/infopointmottola.com\/wp-content\/uploads\/2025\/11\/ab5c6e_55692a60f76b4a86963f7b92f7a562b0mv2-274x300.avif 274w, https:\/\/infopointmottola.com\/wp-content\/uploads\/2025\/11\/ab5c6e_55692a60f76b4a86963f7b92f7a562b0mv2-936x1024.avif 936w, https:\/\/infopointmottola.com\/wp-content\/uploads\/2025\/11\/ab5c6e_55692a60f76b4a86963f7b92f7a562b0mv2-768x841.avif 768w\" sizes=\"auto, (max-width: 1280px) 100vw, 1280px\" \/><div class=\"wp-block-cover__inner-container has-global-padding is-layout-constrained wp-block-cover-is-layout-constrained\"><h2 class=\"wp-block-post-title\"><a href=\"https:\/\/infopointmottola.com\/de\/tour\/tour-delle-chiese-rupestri-di-mottola-puglia-autentica-tra-storia-e-fede\/\" target=\"_self\" >Tour delle Chiese Rupestri di Mottola \u2013 Puglia Autentica tra Storia e Fede<\/a><\/h2>\r\n\r\n\r\n<hr class=\"wp-block-separator has-text-color has-base-color has-alpha-channel-opacity has-base-background-color has-background\"\/>\r\n<\/div><\/div>\r\n\r\n<\/li><\/ul><\/div>\r\n\r\n\r\n\r\n<div class=\"wp-block-group is-layout-flow wp-block-group-is-layout-flow\"><\/div>\r\n<\/div>\r\n<\/div>\r\n","protected":false},"excerpt":{"rendered":"<p>WILLKOMMEN IN Mottola LAND DER GROTTEN GOTTES Entdecken Sie die verborgenen Wunder in den &#8222;Orten des Mythos&#8222; Bereiten Sie sich darauf vor, eine einzigartige Reiseerfahrung zu erleben, die Sie durch die Geschichte, den Charme, den Mythos und die nat\u00fcrliche Sch\u00f6nheit unseres Landes in eine unterirdische Welt f\u00fchrt. Erleben Sie ein einzigartiges Erlebnis zwischen Natur und [&hellip;]<\/p>\n","protected":false},"author":1,"featured_media":0,"parent":0,"menu_order":0,"comment_status":"closed","ping_status":"closed","template":"page-no-title","meta":{"_acf_changed":false,"footnotes":""},"class_list":["post-11","page","type-page","status-publish","hentry"],"mb":[],"acf":[],"mfb_rest_fields":["title"],"_links":{"self":[{"href":"https:\/\/infopointmottola.com\/de\/wp-json\/wp\/v2\/pages\/11","targetHints":{"allow":["GET"]}}],"collection":[{"href":"https:\/\/infopointmottola.com\/de\/wp-json\/wp\/v2\/pages"}],"about":[{"href":"https:\/\/infopointmottola.com\/de\/wp-json\/wp\/v2\/types\/page"}],"author":[{"embeddable":true,"href":"https:\/\/infopointmottola.com\/de\/wp-json\/wp\/v2\/users\/1"}],"replies":[{"embeddable":true,"href":"https:\/\/infopointmottola.com\/de\/wp-json\/wp\/v2\/comments?post=11"}],"version-history":[{"count":195,"href":"https:\/\/infopointmottola.com\/de\/wp-json\/wp\/v2\/pages\/11\/revisions"}],"predecessor-version":[{"id":1072,"href":"https:\/\/infopointmottola.com\/de\/wp-json\/wp\/v2\/pages\/11\/revisions\/1072"}],"wp:attachment":[{"href":"https:\/\/infopointmottola.com\/de\/wp-json\/wp\/v2\/media?parent=11"}],"curies":[{"name":"wp","href":"https:\/\/api.w.org\/{rel}","templated":true}]}}