{"id":16,"date":"2025-12-10T19:08:30","date_gmt":"2025-12-10T18:08:30","guid":{"rendered":"https:\/\/infopointmottola.com\/?page_id=16"},"modified":"2025-12-19T21:38:08","modified_gmt":"2025-12-19T20:38:08","slug":"mission","status":"publish","type":"page","link":"https:\/\/infopointmottola.com\/de\/mission\/","title":{"rendered":"Mission"},"content":{"rendered":"\r\n<div class=\"wp-block-cover alignfull is-light is-repeated flip\" style=\"margin-top:0;margin-bottom:0;min-height:100px;aspect-ratio:unset;\"><div class=\"wp-block-cover__image-background wp-image-460 size-full is-repeated\" style=\"background-position:50% 50%;background-image:url(https:\/\/infopointmottola.com\/wp-content\/uploads\/2025\/12\/path281.png)\"><\/div><span aria-hidden=\"true\" class=\"wp-block-cover__background has-background-dim-0 has-background-dim\"><\/span><div class=\"wp-block-cover__inner-container has-global-padding is-layout-constrained wp-block-cover-is-layout-constrained\">\r\n<p class=\"has-text-align-center has-large-font-size\"><\/p>\r\n<\/div><\/div>\r\n\r\n\r\n<div style=\"height:50px\" aria-hidden=\"true\" class=\"wp-block-spacer\"><\/div>\r\n\r\n\r\n<figure class=\"wp-block-image aligncenter size-full animated zoomIn o-anim-offset-o-anim-offset-0px\"><img loading=\"lazy\" decoding=\"async\" width=\"2560\" height=\"400\" src=\"https:\/\/infopointmottola.com\/wp-content\/uploads\/2025\/12\/mottola-scaled.png\" alt=\"\" class=\"wp-image-570\" srcset=\"https:\/\/infopointmottola.com\/wp-content\/uploads\/2025\/12\/mottola-scaled.png 2560w, https:\/\/infopointmottola.com\/wp-content\/uploads\/2025\/12\/mottola-300x47.png 300w, https:\/\/infopointmottola.com\/wp-content\/uploads\/2025\/12\/mottola-1024x160.png 1024w, https:\/\/infopointmottola.com\/wp-content\/uploads\/2025\/12\/mottola-768x120.png 768w, https:\/\/infopointmottola.com\/wp-content\/uploads\/2025\/12\/mottola-1536x240.png 1536w, https:\/\/infopointmottola.com\/wp-content\/uploads\/2025\/12\/mottola-2048x320.png 2048w\" sizes=\"auto, (max-width: 2560px) 100vw, 2560px\" \/><\/figure>\r\n\r\n\r\n<div style=\"height:50px\" aria-hidden=\"true\" class=\"wp-block-spacer\"><\/div>\r\n\r\n\r\n<h2 class=\"wp-block-heading animated fadeIn o-anim-offset-o-anim-offset-0px\">Eine einzigartige Reise durch verborgene Ecken und authentische Sch\u00f6nheit<\/h2>\r\n\r\n\r\n<p>Unsere Mission ist es, die Magie von Mottola und der Unteren Murgia von Tarent zu enth\u00fcllen und jeden Besuch in ein einzigartiges Erlebnis zwischen Geschichte, Natur und authentischen Traditionen zu verwandeln.<\/p>\r\n\r\n\r\n<p>Wir f\u00fchren Besucher zur Entdeckung verborgener Ecken, Felsend\u00f6rfer, in den Fels gehauene Kirchen, historische Bauernh\u00f6fe und Ausblicke auf die Altstadt und werten das Gebiet und seine Geschichten auf.<\/p>\r\n\r\n\r\n<p>Wir glauben an nachhaltigen Tourismus, der die Umwelt und die lokalen Wurzeln respektiert und kulturelle, gastronomische und nat\u00fcrliche Erlebnisse vereint, um unvergessliche Erinnerungen f\u00fcr diejenigen zu schaffen, die sich entscheiden, dieses au\u00dfergew\u00f6hnliche Land zu erleben.<\/p>\r\n\r\n\r\n<div class=\"wp-block-group is-nowrap is-layout-flex wp-container-core-group-is-layout-6c531013 wp-block-group-is-layout-flex\">\r\n<p>Dr. Francesca Spinosa<br>Leiterin infopoint mottola<\/p>\r\n\r\n<\/div>\r\n\r\n\r\n<div style=\"height:50px\" aria-hidden=\"true\" class=\"wp-block-spacer\"><\/div>\r\n","protected":false},"excerpt":{"rendered":"<p>Eine einzigartige Reise durch verborgene Ecken und authentische Sch\u00f6nheit Unsere Mission ist es, die Magie von Mottola und der Unteren Murgia von Tarent zu enth\u00fcllen und jeden Besuch in ein einzigartiges Erlebnis zwischen Geschichte, Natur und authentischen Traditionen zu verwandeln. Wir f\u00fchren Besucher zur Entdeckung verborgener Ecken, Felsend\u00f6rfer, in den Fels gehauene Kirchen, historische Bauernh\u00f6fe [&hellip;]<\/p>\n","protected":false},"author":1,"featured_media":0,"parent":0,"menu_order":0,"comment_status":"closed","ping_status":"closed","template":"page-no-title","meta":{"_acf_changed":false,"footnotes":""},"class_list":["post-16","page","type-page","status-publish","hentry"],"mb":[],"acf":[],"mfb_rest_fields":["title"],"_links":{"self":[{"href":"https:\/\/infopointmottola.com\/de\/wp-json\/wp\/v2\/pages\/16","targetHints":{"allow":["GET"]}}],"collection":[{"href":"https:\/\/infopointmottola.com\/de\/wp-json\/wp\/v2\/pages"}],"about":[{"href":"https:\/\/infopointmottola.com\/de\/wp-json\/wp\/v2\/types\/page"}],"author":[{"embeddable":true,"href":"https:\/\/infopointmottola.com\/de\/wp-json\/wp\/v2\/users\/1"}],"replies":[{"embeddable":true,"href":"https:\/\/infopointmottola.com\/de\/wp-json\/wp\/v2\/comments?post=16"}],"version-history":[{"count":33,"href":"https:\/\/infopointmottola.com\/de\/wp-json\/wp\/v2\/pages\/16\/revisions"}],"predecessor-version":[{"id":955,"href":"https:\/\/infopointmottola.com\/de\/wp-json\/wp\/v2\/pages\/16\/revisions\/955"}],"wp:attachment":[{"href":"https:\/\/infopointmottola.com\/de\/wp-json\/wp\/v2\/media?parent=16"}],"curies":[{"name":"wp","href":"https:\/\/api.w.org\/{rel}","templated":true}]}}