{"id":16,"date":"2025-12-10T19:08:30","date_gmt":"2025-12-10T18:08:30","guid":{"rendered":"https:\/\/infopointmottola.com\/?page_id=16"},"modified":"2025-12-19T21:38:08","modified_gmt":"2025-12-19T20:38:08","slug":"mission","status":"publish","type":"page","link":"https:\/\/infopointmottola.com\/es\/mission\/","title":{"rendered":"Mission"},"content":{"rendered":"\r\n<div class=\"wp-block-cover alignfull is-light is-repeated flip\" style=\"margin-top:0;margin-bottom:0;min-height:100px;aspect-ratio:unset;\"><div class=\"wp-block-cover__image-background wp-image-460 size-full is-repeated\" style=\"background-position:50% 50%;background-image:url(https:\/\/infopointmottola.com\/wp-content\/uploads\/2025\/12\/path281.png)\"><\/div><span aria-hidden=\"true\" class=\"wp-block-cover__background has-background-dim-0 has-background-dim\"><\/span><div class=\"wp-block-cover__inner-container has-global-padding is-layout-constrained wp-block-cover-is-layout-constrained\">\r\n<p class=\"has-text-align-center has-large-font-size\"><\/p>\r\n<\/div><\/div>\r\n\r\n\r\n<div style=\"height:50px\" aria-hidden=\"true\" class=\"wp-block-spacer\"><\/div>\r\n\r\n\r\n<figure class=\"wp-block-image aligncenter size-full animated zoomIn o-anim-offset-o-anim-offset-0px\"><img loading=\"lazy\" decoding=\"async\" width=\"2560\" height=\"400\" src=\"https:\/\/infopointmottola.com\/wp-content\/uploads\/2025\/12\/mottola-scaled.png\" alt=\"\" class=\"wp-image-570\" srcset=\"https:\/\/infopointmottola.com\/wp-content\/uploads\/2025\/12\/mottola-scaled.png 2560w, https:\/\/infopointmottola.com\/wp-content\/uploads\/2025\/12\/mottola-300x47.png 300w, https:\/\/infopointmottola.com\/wp-content\/uploads\/2025\/12\/mottola-1024x160.png 1024w, https:\/\/infopointmottola.com\/wp-content\/uploads\/2025\/12\/mottola-768x120.png 768w, https:\/\/infopointmottola.com\/wp-content\/uploads\/2025\/12\/mottola-1536x240.png 1536w, https:\/\/infopointmottola.com\/wp-content\/uploads\/2025\/12\/mottola-2048x320.png 2048w\" sizes=\"auto, (max-width: 2560px) 100vw, 2560px\" \/><\/figure>\r\n\r\n\r\n<div style=\"height:50px\" aria-hidden=\"true\" class=\"wp-block-spacer\"><\/div>\r\n\r\n\r\n<h2 class=\"wp-block-heading animated fadeIn o-anim-offset-o-anim-offset-0px\">Un viaje \u00fanico entre rincones escondidos y bellezas aut\u00e9nticas<\/h2>\r\n\r\n\r\n<p>Nuestra misi\u00f3n es hacer descubrir la magia de Mottola y de la Baja Murgia de Tarento, transformando cada visita en una experiencia \u00fanica entre historia, naturaleza y tradiciones aut\u00e9nticas.<\/p>\r\n\r\n\r\n<p>Guiamos a los visitantes al descubrimiento de rincones escondidos, pueblos rupestres, iglesias excavadas en la roca, mas\u00edas hist\u00f3ricas y vistas del centro hist\u00f3rico, valorizando el territorio y sus historias.<\/p>\r\n\r\n\r\n<p>Creemos en un turismo sostenible, respetuoso del medio ambiente y de las ra\u00edces locales, que une experiencias culturales, gastron\u00f3micas y naturales, creando recuerdos inolvidables para quienes eligen vivir esta tierra extraordinaria.<\/p>\r\n\r\n\r\n<div class=\"wp-block-group is-nowrap is-layout-flex wp-container-core-group-is-layout-6c531013 wp-block-group-is-layout-flex\">\r\n<p>Dra. Francesca Spinosa<br>responsable infopoint mottola<\/p>\r\n\r\n<\/div>\r\n\r\n\r\n<div style=\"height:50px\" aria-hidden=\"true\" class=\"wp-block-spacer\"><\/div>\r\n","protected":false},"excerpt":{"rendered":"<p>Un viaje \u00fanico entre rincones escondidos y bellezas aut\u00e9nticas Nuestra misi\u00f3n es hacer descubrir la magia de Mottola y de la Baja Murgia de Tarento, transformando cada visita en una experiencia \u00fanica entre historia, naturaleza y tradiciones aut\u00e9nticas. Guiamos a los visitantes al descubrimiento de rincones escondidos, pueblos rupestres, iglesias excavadas en la roca, mas\u00edas [&hellip;]<\/p>\n","protected":false},"author":1,"featured_media":0,"parent":0,"menu_order":0,"comment_status":"closed","ping_status":"closed","template":"page-no-title","meta":{"_acf_changed":false,"footnotes":""},"class_list":["post-16","page","type-page","status-publish","hentry"],"mb":[],"acf":[],"mfb_rest_fields":["title"],"_links":{"self":[{"href":"https:\/\/infopointmottola.com\/es\/wp-json\/wp\/v2\/pages\/16","targetHints":{"allow":["GET"]}}],"collection":[{"href":"https:\/\/infopointmottola.com\/es\/wp-json\/wp\/v2\/pages"}],"about":[{"href":"https:\/\/infopointmottola.com\/es\/wp-json\/wp\/v2\/types\/page"}],"author":[{"embeddable":true,"href":"https:\/\/infopointmottola.com\/es\/wp-json\/wp\/v2\/users\/1"}],"replies":[{"embeddable":true,"href":"https:\/\/infopointmottola.com\/es\/wp-json\/wp\/v2\/comments?post=16"}],"version-history":[{"count":33,"href":"https:\/\/infopointmottola.com\/es\/wp-json\/wp\/v2\/pages\/16\/revisions"}],"predecessor-version":[{"id":955,"href":"https:\/\/infopointmottola.com\/es\/wp-json\/wp\/v2\/pages\/16\/revisions\/955"}],"wp:attachment":[{"href":"https:\/\/infopointmottola.com\/es\/wp-json\/wp\/v2\/media?parent=16"}],"curies":[{"name":"wp","href":"https:\/\/api.w.org\/{rel}","templated":true}]}}