{"id":16,"date":"2025-12-10T19:08:30","date_gmt":"2025-12-10T18:08:30","guid":{"rendered":"https:\/\/infopointmottola.com\/?page_id=16"},"modified":"2025-12-19T21:38:08","modified_gmt":"2025-12-19T20:38:08","slug":"mission","status":"publish","type":"page","link":"https:\/\/infopointmottola.com\/fr\/mission\/","title":{"rendered":"Mission"},"content":{"rendered":"\r\n<div class=\"wp-block-cover alignfull is-light is-repeated flip\" style=\"margin-top:0;margin-bottom:0;min-height:100px;aspect-ratio:unset;\"><div class=\"wp-block-cover__image-background wp-image-460 size-full is-repeated\" style=\"background-position:50% 50%;background-image:url(https:\/\/infopointmottola.com\/wp-content\/uploads\/2025\/12\/path281.png)\"><\/div><span aria-hidden=\"true\" class=\"wp-block-cover__background has-background-dim-0 has-background-dim\"><\/span><div class=\"wp-block-cover__inner-container has-global-padding is-layout-constrained wp-block-cover-is-layout-constrained\">\r\n<p class=\"has-text-align-center has-large-font-size\"><\/p>\r\n<\/div><\/div>\r\n\r\n\r\n<div style=\"height:50px\" aria-hidden=\"true\" class=\"wp-block-spacer\"><\/div>\r\n\r\n\r\n<figure class=\"wp-block-image aligncenter size-full animated zoomIn o-anim-offset-o-anim-offset-0px\"><img loading=\"lazy\" decoding=\"async\" width=\"2560\" height=\"400\" src=\"https:\/\/infopointmottola.com\/wp-content\/uploads\/2025\/12\/mottola-scaled.png\" alt=\"\" class=\"wp-image-570\" srcset=\"https:\/\/infopointmottola.com\/wp-content\/uploads\/2025\/12\/mottola-scaled.png 2560w, https:\/\/infopointmottola.com\/wp-content\/uploads\/2025\/12\/mottola-300x47.png 300w, https:\/\/infopointmottola.com\/wp-content\/uploads\/2025\/12\/mottola-1024x160.png 1024w, https:\/\/infopointmottola.com\/wp-content\/uploads\/2025\/12\/mottola-768x120.png 768w, https:\/\/infopointmottola.com\/wp-content\/uploads\/2025\/12\/mottola-1536x240.png 1536w, https:\/\/infopointmottola.com\/wp-content\/uploads\/2025\/12\/mottola-2048x320.png 2048w\" sizes=\"auto, (max-width: 2560px) 100vw, 2560px\" \/><\/figure>\r\n\r\n\r\n<div style=\"height:50px\" aria-hidden=\"true\" class=\"wp-block-spacer\"><\/div>\r\n\r\n\r\n<h2 class=\"wp-block-heading animated fadeIn o-anim-offset-o-anim-offset-0px\">Un voyage unique entre recoins cach\u00e9s et beaut\u00e9s authentiques<\/h2>\r\n\r\n\r\n<p>Notre mission est de faire d\u00e9couvrir la magie de Mottola et de la Basse Murgia de Tarente, en transformant chaque visite en une exp\u00e9rience unique entre histoire, nature et traditions authentiques.<\/p>\r\n\r\n\r\n<p>Nous guidons les visiteurs \u00e0 la d\u00e9couverte de recoins cach\u00e9s, villages rupestres, \u00e9glises creus\u00e9es dans la roche, fermes historiques et perspectives du centre historique, en valorisant le territoire et ses histoires.<\/p>\r\n\r\n\r\n<p>Nous croyons en un tourisme durable, respectueux de l&rsquo;environnement et des racines locales, qui unit exp\u00e9riences culturelles, gastronomiques et naturelles, cr\u00e9ant des souvenirs inoubliables pour ceux qui choisissent de vivre cette terre extraordinaire.<\/p>\r\n\r\n\r\n<div class=\"wp-block-group is-nowrap is-layout-flex wp-container-core-group-is-layout-6c531013 wp-block-group-is-layout-flex\">\r\n<p>Mme Francesca Spinosa<br>responsable infopoint mottola<\/p>\r\n\r\n<\/div>\r\n\r\n\r\n<div style=\"height:50px\" aria-hidden=\"true\" class=\"wp-block-spacer\"><\/div>\r\n","protected":false},"excerpt":{"rendered":"<p>Un voyage unique entre recoins cach\u00e9s et beaut\u00e9s authentiques Notre mission est de faire d\u00e9couvrir la magie de Mottola et de la Basse Murgia de Tarente, en transformant chaque visite en une exp\u00e9rience unique entre histoire, nature et traditions authentiques. Nous guidons les visiteurs \u00e0 la d\u00e9couverte de recoins cach\u00e9s, villages rupestres, \u00e9glises creus\u00e9es dans [&hellip;]<\/p>\n","protected":false},"author":1,"featured_media":0,"parent":0,"menu_order":0,"comment_status":"closed","ping_status":"closed","template":"page-no-title","meta":{"_acf_changed":false,"footnotes":""},"class_list":["post-16","page","type-page","status-publish","hentry"],"mb":[],"acf":[],"mfb_rest_fields":["title"],"_links":{"self":[{"href":"https:\/\/infopointmottola.com\/fr\/wp-json\/wp\/v2\/pages\/16","targetHints":{"allow":["GET"]}}],"collection":[{"href":"https:\/\/infopointmottola.com\/fr\/wp-json\/wp\/v2\/pages"}],"about":[{"href":"https:\/\/infopointmottola.com\/fr\/wp-json\/wp\/v2\/types\/page"}],"author":[{"embeddable":true,"href":"https:\/\/infopointmottola.com\/fr\/wp-json\/wp\/v2\/users\/1"}],"replies":[{"embeddable":true,"href":"https:\/\/infopointmottola.com\/fr\/wp-json\/wp\/v2\/comments?post=16"}],"version-history":[{"count":33,"href":"https:\/\/infopointmottola.com\/fr\/wp-json\/wp\/v2\/pages\/16\/revisions"}],"predecessor-version":[{"id":955,"href":"https:\/\/infopointmottola.com\/fr\/wp-json\/wp\/v2\/pages\/16\/revisions\/955"}],"wp:attachment":[{"href":"https:\/\/infopointmottola.com\/fr\/wp-json\/wp\/v2\/media?parent=16"}],"curies":[{"name":"wp","href":"https:\/\/api.w.org\/{rel}","templated":true}]}}